{"id":3,"date":"2025-04-21T18:25:01","date_gmt":"2025-04-21T18:25:01","guid":{"rendered":"https:\/\/dimatrends.com\/blocks\/?page_id=3"},"modified":"2025-05-25T00:11:51","modified_gmt":"2025-05-25T00:11:51","slug":"politica-de-privacidad","status":"publish","type":"page","link":"https:\/\/dimatrends.com\/blocks\/politica-de-privacidad\/","title":{"rendered":"Politica de Privacidad"},"content":{"rendered":"<div class=\"row align-center\"  id=\"row-63984201\">\n\n\n\t<div id=\"col-1099814328\" class=\"col medium-10 small-12 large-10\"  >\n\t\t\t\t<div class=\"col-inner\"  >\n\t\t\t\n\t\t\t\n\n<h3 data-start=\"570\" data-end=\"950\">Pol\u00edtica de Privacidad<\/h3>\n<p class=\"\" data-start=\"570\" data-end=\"950\">En <strong data-start=\"573\" data-end=\"594\">Dima Trends<\/strong>, nos comprometemos a proteger tu privacidad y a asegurarnos de que tus datos personales sean tratados de manera segura y conforme a la legislaci\u00f3n vigente. Esta <strong data-start=\"756\" data-end=\"782\">Pol\u00edtica de Privacidad<\/strong> describe c\u00f3mo recopilamos, utilizamos, almacenamos y protegemos tu informaci\u00f3n personal cuando visitas nuestro sitio web y realizas compras en nuestra tienda en l\u00ednea.<\/p>\n<h4 class=\"\" data-start=\"952\" data-end=\"991\"><strong data-start=\"957\" data-end=\"991\">1. Informaci\u00f3n que Recopilamos<\/strong><\/h4>\n<p class=\"\" data-start=\"992\" data-end=\"1093\">Recopilamos la siguiente informaci\u00f3n personal cuando visitas nuestro sitio web o realizas una compra:<\/p>\n<ul data-start=\"1095\" data-end=\"1528\">\n<li class=\"\" data-start=\"1095\" data-end=\"1222\">\n<p class=\"\" data-start=\"1097\" data-end=\"1222\"><strong data-start=\"1097\" data-end=\"1121\">Informaci\u00f3n personal<\/strong>: Nombre, direcci\u00f3n de correo electr\u00f3nico, direcci\u00f3n de env\u00edo, n\u00famero de tel\u00e9fono y detalles de pago.<\/p>\n<\/li>\n<li class=\"\" data-start=\"1223\" data-end=\"1412\">\n<p class=\"\" data-start=\"1225\" data-end=\"1412\"><strong data-start=\"1225\" data-end=\"1254\">Informaci\u00f3n de navegaci\u00f3n<\/strong>: Datos de navegaci\u00f3n como la direcci\u00f3n IP, tipo de dispositivo, ubicaci\u00f3n geogr\u00e1fica, cookies y otros identificadores para mejorar la experiencia de usuario.<\/p>\n<\/li>\n<li class=\"\" data-start=\"1413\" data-end=\"1528\">\n<p class=\"\" data-start=\"1415\" data-end=\"1528\"><strong data-start=\"1415\" data-end=\"1432\">Datos de pago<\/strong>: Informaci\u00f3n relacionada con tu tarjeta de cr\u00e9dito\/d\u00e9bito o pagos por otros medios disponibles.<\/p>\n<\/li>\n<\/ul>\n<h4 class=\"\" data-start=\"1530\" data-end=\"1563\"><strong data-start=\"1535\" data-end=\"1563\">2. Uso de la Informaci\u00f3n<\/strong><\/h4>\n<p class=\"\" data-start=\"1564\" data-end=\"1627\">Utilizamos la informaci\u00f3n recopilada para los siguientes fines:<\/p>\n<ul data-start=\"1629\" data-end=\"2078\">\n<li class=\"\" data-start=\"1629\" data-end=\"1715\">\n<p class=\"\" data-start=\"1631\" data-end=\"1715\">Procesar y gestionar tus pedidos, incluyendo el env\u00edo de productos y la facturaci\u00f3n.<\/p>\n<\/li>\n<li class=\"\" data-start=\"1716\" data-end=\"1836\">\n<p class=\"\" data-start=\"1718\" data-end=\"1836\">Mejorar nuestra tienda en l\u00ednea, adaptando las recomendaciones de productos y personalizando la experiencia de compra.<\/p>\n<\/li>\n<li class=\"\" data-start=\"1837\" data-end=\"1978\">\n<p class=\"\" data-start=\"1839\" data-end=\"1978\">Enviarte correos electr\u00f3nicos con actualizaciones sobre tus pedidos, ofertas especiales o productos nuevos (si has dado tu consentimiento).<\/p>\n<\/li>\n<li class=\"\" data-start=\"1979\" data-end=\"2075\">\n<p class=\"\" data-start=\"1981\" data-end=\"2075\">Prevenir actividades fraudulentas y proteger la seguridad de nuestros usuarios y el sitio web.<\/p>\n<\/li>\n<\/ul>\n<h4 class=\"\" data-start=\"2079\" data-end=\"2114\"><strong data-start=\"2084\" data-end=\"2114\">3. Protecci\u00f3n de tus Datos<\/strong><\/h4>\n<p class=\"\" data-start=\"2115\" data-end=\"2372\">Implementamos medidas de seguridad razonables para proteger tus datos personales. Utilizamos tecnolog\u00edas de cifrado y otras medidas de seguridad para proteger la informaci\u00f3n sensible transmitida durante el proceso de compra, incluyendo tus detalles de pago.<\/p>\n<h4 class=\"\" data-start=\"2374\" data-end=\"2420\"><strong data-start=\"2379\" data-end=\"2420\">4. Compartir Informaci\u00f3n con Terceros<\/strong><\/h4>\n<p class=\"\" data-start=\"2421\" data-end=\"2528\">No vendemos, alquilamos ni compartimos tu informaci\u00f3n personal con terceros, salvo en los siguientes casos:<\/p>\n<ul data-start=\"2530\" data-end=\"2849\">\n<li class=\"\" data-start=\"2530\" data-end=\"2724\">\n<p class=\"\" data-start=\"2532\" data-end=\"2724\"><strong data-start=\"2532\" data-end=\"2560\">Proveedores de servicios<\/strong>: Podemos compartir tu informaci\u00f3n con proveedores de servicios externos que nos ayudan a operar el sitio web, procesar pagos, enviar productos o realizar an\u00e1lisis.<\/p>\n<\/li>\n<li class=\"\" data-start=\"2725\" data-end=\"2849\">\n<p class=\"\" data-start=\"2727\" data-end=\"2849\"><strong data-start=\"2727\" data-end=\"2751\">Obligaciones legales<\/strong>: En casos de requerimiento por ley, como investigaciones judiciales o solicitudes de autoridades.<\/p>\n<\/li>\n<\/ul>\n<h4 class=\"\" data-start=\"2851\" data-end=\"2870\"><strong data-start=\"2856\" data-end=\"2870\">5. Cookies<\/strong><\/h4>\n<p class=\"\" data-start=\"2871\" data-end=\"3130\">Nuestro sitio web utiliza <strong data-start=\"2897\" data-end=\"2908\">cookies<\/strong> para mejorar la experiencia de navegaci\u00f3n, personalizar el contenido y ofrecer anuncios relevantes. Las cookies son peque\u00f1os archivos almacenados en tu dispositivo que permiten recordar tus preferencias y visitas previas.<\/p>\n<p class=\"\" data-start=\"3132\" data-end=\"3289\">Puedes configurar tu navegador para que rechace las cookies, pero esto podr\u00eda afectar la funcionalidad de algunas caracter\u00edsticas de nuestra tienda en l\u00ednea.<\/p>\n<h4 class=\"\" data-start=\"3291\" data-end=\"3315\"><strong data-start=\"3296\" data-end=\"3315\">6. Tus Derechos<\/strong><\/h4>\n<p class=\"\" data-start=\"3316\" data-end=\"3393\">Como usuario, tienes los siguientes derechos respecto a tus datos personales:<\/p>\n<ul data-start=\"3395\" data-end=\"3910\">\n<li class=\"\" data-start=\"3395\" data-end=\"3477\">\n<p class=\"\" data-start=\"3397\" data-end=\"3477\"><strong data-start=\"3397\" data-end=\"3407\">Acceso<\/strong>: Puedes solicitar acceso a los datos personales que tenemos sobre ti.<\/p>\n<\/li>\n<li class=\"\" data-start=\"3478\" data-end=\"3581\">\n<p class=\"\" data-start=\"3480\" data-end=\"3581\"><strong data-start=\"3480\" data-end=\"3497\">Rectificaci\u00f3n<\/strong>: Puedes solicitar la correcci\u00f3n de cualquier dato personal incorrecto o incompleto.<\/p>\n<\/li>\n<li class=\"\" data-start=\"3582\" data-end=\"3733\">\n<p class=\"\" data-start=\"3584\" data-end=\"3733\"><strong data-start=\"3584\" data-end=\"3599\">Cancelaci\u00f3n<\/strong>: Puedes solicitar que eliminemos tus datos personales de nuestros registros, siempre que no estemos obligados por ley a conservarlos.<\/p>\n<\/li>\n<li class=\"\" data-start=\"3734\" data-end=\"3823\">\n<p class=\"\" data-start=\"3736\" data-end=\"3823\"><strong data-start=\"3736\" data-end=\"3749\">Oposici\u00f3n<\/strong>: Puedes oponerte al tratamiento de tus datos personales en ciertos casos.<\/p>\n<\/li>\n<li class=\"\" data-start=\"3824\" data-end=\"3910\">\n<p class=\"\" data-start=\"3826\" data-end=\"3910\"><strong data-start=\"3826\" data-end=\"3842\">Portabilidad<\/strong>: Puedes solicitar que tus datos sean transferidos a otro proveedor.<\/p>\n<\/li>\n<\/ul>\n<p class=\"\" data-start=\"3912\" data-end=\"4017\">Si deseas ejercer alguno de estos derechos, por favor cont\u00e1ctanos a <strong data-start=\"3980\" data-end=\"4016\">hello@dimatrends.com<\/strong>.<\/p>\n<h4 class=\"\" data-start=\"4019\" data-end=\"4060\"><strong data-start=\"4024\" data-end=\"4060\">7. Enlaces a Sitios Web Externos<\/strong><\/h4>\n<p class=\"\" data-start=\"4061\" data-end=\"4297\">Nuestro sitio web puede contener enlaces a sitios de terceros. No nos hacemos responsables de la privacidad o el contenido de dichos sitios. Te recomendamos leer sus pol\u00edticas de privacidad antes de proporcionar cualquier dato personal.<\/p>\n<h4 class=\"\" data-start=\"4299\" data-end=\"4348\"><strong data-start=\"4304\" data-end=\"4348\">8. Cambios a Esta Pol\u00edtica de Privacidad<\/strong><\/h4>\n<p class=\"\" data-start=\"4349\" data-end=\"4639\">Nos reservamos el derecho de actualizar esta <strong data-start=\"4394\" data-end=\"4420\">Pol\u00edtica de Privacidad<\/strong> en cualquier momento. Te notificaremos sobre cualquier cambio importante mediante un aviso visible en nuestro sitio web. Te recomendamos revisar esta p\u00e1gina peri\u00f3dicamente para estar al tanto de cualquier modificaci\u00f3n.<\/p>\n<h4 class=\"\" data-start=\"4641\" data-end=\"4661\"><strong data-start=\"4646\" data-end=\"4661\">9. Contacto<\/strong><\/h4>\n<p class=\"\" data-start=\"4662\" data-end=\"4783\">Si tienes alguna pregunta o inquietud sobre nuestra <strong data-start=\"4714\" data-end=\"4740\">Pol\u00edtica de Privacidad<\/strong>, no dudes en <strong data-start=\"4754\" data-end=\"4770\">contactarnos<\/strong> a trav\u00e9s de:<\/p>\n<ul data-start=\"4784\" data-end=\"4891\">\n<li class=\"\" data-start=\"4784\" data-end=\"4842\">\n<p class=\"\" data-start=\"4786\" data-end=\"4842\"><strong data-start=\"4786\" data-end=\"4808\">Correo electr\u00f3nico<\/strong>: hello@dimatrends.com<\/p>\n<\/li>\n<\/ul>\n<hr class=\"\" data-start=\"4893\" data-end=\"4896\" \/>\n<h3 class=\"\" data-start=\"4898\" data-end=\"4944\"><strong data-start=\"4902\" data-end=\"4944\">Fecha de \u00faltima actualizaci\u00f3n: 01\/01\/25<\/strong><\/h3>\n\n\t\t<\/div>\n\t\t\t\t\t<\/div>\n\n\t\n\n<\/div>","protected":false},"excerpt":{"rendered":"","protected":false},"author":1,"featured_media":0,"parent":0,"menu_order":0,"comment_status":"closed","ping_status":"open","template":"","meta":{"footnotes":""},"class_list":["post-3","page","type-page","status-publish","hentry"],"_links":{"self":[{"href":"https:\/\/dimatrends.com\/blocks\/wp-json\/wp\/v2\/pages\/3","targetHints":{"allow":["GET"]}}],"collection":[{"href":"https:\/\/dimatrends.com\/blocks\/wp-json\/wp\/v2\/pages"}],"about":[{"href":"https:\/\/dimatrends.com\/blocks\/wp-json\/wp\/v2\/types\/page"}],"author":[{"embeddable":true,"href":"https:\/\/dimatrends.com\/blocks\/wp-json\/wp\/v2\/users\/1"}],"replies":[{"embeddable":true,"href":"https:\/\/dimatrends.com\/blocks\/wp-json\/wp\/v2\/comments?post=3"}],"version-history":[{"count":0,"href":"https:\/\/dimatrends.com\/blocks\/wp-json\/wp\/v2\/pages\/3\/revisions"}],"wp:attachment":[{"href":"https:\/\/dimatrends.com\/blocks\/wp-json\/wp\/v2\/media?parent=3"}],"curies":[{"name":"wp","href":"https:\/\/api.w.org\/{rel}","templated":true}]}}